{"id":2289,"date":"2023-06-21T08:42:40","date_gmt":"2023-06-21T08:42:40","guid":{"rendered":"https:\/\/www.w-sport.com\/?page_id=2289"},"modified":"2023-06-21T08:42:40","modified_gmt":"2023-06-21T08:42:40","slug":"complaints-procedure","status":"publish","type":"page","link":"https:\/\/www.w-sport.com\/ul\/complaints-procedure\/","title":{"rendered":"Complaints Procedure"},"content":{"rendered":"<h3>Introduction<\/h3>\n<p>At <strong>W-Sport<\/strong> we aim to deliver a high quality, engaging and relevant service to our viewers. We also aim to ensure that our programming is compliant with the requirements set out in the\u00a0<a title=\"Broadcasting Act 2009\" href=\"https:\/\/www.bai.ie\/media\/sites\/2\/dlm_uploads\/2018\/06\/20180528_ArchivingScheme2_vFinalApproved_ENG_FM.pdf\" target=\"_blank\" rel=\"noopener\">Broadcasting Act 2009<\/a>, as amended by the <a title=\"Online Safety and Media Regulation Act 2022\" href=\"https:\/\/data.oireachtas.ie\/ie\/oireachtas\/act\/2022\/41\/eng\/enacted\/a4122.pdf\" target=\"_blank\" rel=\"noopener\">Online Safety and Media Regulation Act 2022<\/a>.<\/p>\n<p><strong>W-Sport<\/strong> welcomes and will engage with all feedback, both negative and positive, from our viewers concerning any aspect of our service.<\/p>\n<p>We are obliged under the Broadcasting Act, 2009 and the Online Safety and Media Regulation Act 2022 to have in place a Code of Practice for handling complaints from our viewers. This Code of Practice sets out and explains our complaint process and ensures that we deal with complaints in an effective and efficient manner. It should be noted that the Code of Practice only relates to certain categories of complaints as detailed below.<\/p>\n<h4>1. What can I complain about?<\/h4>\n<p>You may submit a complaint to us if you are of the opinion that a broadcast or part of a broadcast on our service has breached one or more of the following obligations:<\/p>\n<ul>\n<li>Harm, offence, incitement, and authority of State (section 46J)<\/li>\n<li>Privacy (section 46K)<\/li>\n<li>News and Current Affairs (section 46L)<\/li>\n<li>Advertising (sections 46M(2) or (3), 106(3) and 127(6))<\/li>\n<li>Retention of copies of programme material (section 46P(1) or (2))<\/li>\n<li>Media service codes and rules<\/li>\n<\/ul>\n<h4>2. How do I make a complaint?<\/h4>\n<p>If you are satisfied that your complaint is covered by this Code of Practice, you should submit the following details in writing (letter or email):<\/p>\n<ul>\n<li>your name and address;<\/li>\n<li>the category of complaint; (please refer to the categories of complaints in \u2018What I can complain about?\u2019 above)<\/li>\n<li>the date, time of the broadcast;<\/li>\n<li>the name of the programme, news item or advertisement\/commercial communication that you have heard and which is the subject of your complaint;<\/li>\n<li>detail exactly what, in the broadcast, concerned you;<\/li>\n<\/ul>\n<p>If, by reason of disability or other good reason, you are unable to submit the complaint in writing, please contact us and we will assist you to do so.<\/p>\n<p><strong>We will not accept complaints that we deem to be of a frivolous or vexatious nature.<\/strong><\/p>\n<h4>3. Where should I send my complaint?<\/h4>\n<p>You should submit your complaint to the following address:<\/p>\n<p><strong>W-Sport, Broadcasting House, 3A Prince\u2019s Street, Dublin 2, DO A520, Ireland.<\/strong><\/p>\n<p>Email:\u00a0<a title=\"complaints@w-sport.com\" href=\"mailto:complaints@w-sport.com\">complaints@w-sport.com<\/a><\/p>\n<h4>4. What will happen to my complaint?<\/h4>\n<p>Once we have accepted your complaint, we will work to resolve the issue\/s as soon as possible. Your complaint will be carefully considered, investigated if necessary, and responded to in writing.<\/p>\n<ul>\n<li>We will write to you to acknowledge receipt of your complaint within 7 working days.<\/li>\n<li>We will consider the issues raised in your complaint.<\/li>\n<li>We will listen to the broadcast item identified in your complaint.<\/li>\n<li>Where appropriate, we will consult with any party to which your complaint relates, for example, the advertiser, the presenter or the programme maker, to give that party an opportunity to provide observations and comments in relation to the issues raised by you.<\/li>\n<li>We will provide a response to your complaint which will, as far as possible, address all of the issues\/concerns you have raised. We will set out the reasons for our decision on your complaint.<\/li>\n<\/ul>\n<p>This response will be sent to you within <strong>20 working days<\/strong> from receipt of your complaint.<\/p>\n<h4>5. The role of Coimisi\u00fan na Me\u00e1n<\/h4>\n<p>Coimisi\u00fan na Me\u00e1n\u2019s role is to regulate broadcasters and online media.<\/p>\n<p>If we for any reason we have not responded to your complaint within 20 working days or if you are not satisfied with our response, you can refer your complaint to Coimisi\u00fan na Me\u00e1n. You have 14 days from the date of response or the date a response was due to refer your complaint. An Coimisi\u00fan will consider the complaint and may carry out an independent review of the complaint and our response. Information on how to refer a complaint to Coimisi\u00fan na Me\u00e1n is available on Coimisi\u00fan na Me\u00e1n\u2019s website at\u00a0<a title=\"www.cnam.ie\" href=\"http:\/\/www.cnam.ie\">www.cnam.ie<\/a>\u00a0or from the following address:<\/p>\n<p>Complaints Officer<br \/>\nCoimisi\u00fan na Me\u00e1n<br \/>\n2 \u2013 5 Warrington Place, Dublin 02 XP29<br \/>\nPhone: <a title=\"(01) 644 1200\" href=\"tel:(01) 644 1200\">(01) 644 1200<\/a><br \/>\nFax: (01) 6441 299<br \/>\nE-mail:\u00a0<a title=\"complaints@cnam.ie\" href=\"mailto:complaints@cnam.ie\" target=\"_blank\" rel=\"noopener\">complaints@cnam.ie<\/a><\/p>\n<h4>6. Record of Complaints<\/h4>\n<p>We are required under the Broadcasting Act, 2009 as amended by the Online Safety and Media Regulation Act 2022 to keep a record of all complaints submitted in accordance with this Code of Practice for two years. We are also obliged to provide these records to Coimisi\u00fan na Me\u00e1n if requested.<br \/>\nOur records will include copies of your complaint, our response\/s and the audio copies of the broadcast material.<\/p>\n<p><strong>Codes of Practice\/Right of Reply Scheme:<\/strong><\/p>\n<p><a title=\"Right of Reply Scheme\" href=\"http:\/\/www.urbanmedia.ie\/wp-content\/uploads\/2017\/09\/Right-of-reply-scheme.pdf\" target=\"_blank\" rel=\"noopener\">Right of Reply Scheme<\/a><\/p>\n<p><a title=\"Code of Programme Standards\" href=\"https:\/\/www.bai.ie\/en\/download\/128555\/\" target=\"_blank\" rel=\"noopener\">Code of Programme Standards<\/a><\/p>\n<p><a title=\"General Commercial Communications Code\" href=\"https:\/\/www.bai.ie\/en\/download\/131870\/\" target=\"_blank\" rel=\"noopener\">General Commercial Communications Code<\/a><\/p>\n<p><a title=\"Code of Fairness, Objectivity and Impartiality in News and Current Affairs\" href=\"https:\/\/www.bai.ie\/en\/download\/129469\/\" target=\"_blank\" rel=\"noopener\">Code of Fairness, Objectivity and Impartiality in News and Current Affairs<\/a><\/p>\n<p><a title=\"Children\u2019s Commercial Communications Code\" href=\"https:\/\/www.bai.ie\/en\/download\/130364\/\" target=\"_blank\" rel=\"noopener\">Children\u2019s Commercial Communications Code<\/a><\/p>\n","protected":false},"excerpt":{"rendered":"<p>Introduction At W-Sport we aim to deliver a high quality, engaging and relevant service to our viewers. We also aim to ensure that our programming is compliant with the requirements set out in the\u00a0Broadcasting Act 2009, as amended by the Online Safety and Media Regulation Act 2022. W-Sport welcomes and will engage with all feedback,&hellip; <a class=\"more-link\" href=\"https:\/\/www.w-sport.com\/ul\/complaints-procedure\/\">Continue reading <span class=\"screen-reader-text\">Complaints Procedure<\/span><\/a><\/p>\n","protected":false},"author":1,"featured_media":0,"parent":0,"menu_order":0,"comment_status":"closed","ping_status":"closed","template":"","meta":{"_acf_changed":false,"footnotes":""},"class_list":["post-2289","page","type-page","status-publish","hentry","entry"],"acf":[],"yoast_head":"<!-- This site is optimized with the Yoast SEO plugin v26.8 - https:\/\/yoast.com\/product\/yoast-seo-wordpress\/ -->\n<title>Complaints Procedure - W-Sport<\/title>\n<meta name=\"robots\" content=\"index, follow, max-snippet:-1, max-image-preview:large, max-video-preview:-1\" \/>\n<link rel=\"canonical\" href=\"https:\/\/www.w-sport.com\/ul\/complaints-procedure\/\" \/>\n<meta property=\"og:locale\" content=\"en_US\" \/>\n<meta property=\"og:type\" content=\"article\" \/>\n<meta property=\"og:title\" content=\"Complaints Procedure - W-Sport\" \/>\n<meta property=\"og:description\" content=\"Introduction At W-Sport we aim to deliver a high quality, engaging and relevant service to our viewers. We also aim to ensure that our programming is compliant with the requirements set out in the\u00a0Broadcasting Act 2009, as amended by the Online Safety and Media Regulation Act 2022. W-Sport welcomes and will engage with all feedback,&hellip; Continue reading Complaints Procedure\" \/>\n<meta property=\"og:url\" content=\"https:\/\/www.w-sport.com\/ul\/complaints-procedure\/\" \/>\n<meta property=\"og:site_name\" content=\"W-Sport\" \/>\n<meta name=\"twitter:card\" content=\"summary_large_image\" \/>\n<meta name=\"twitter:label1\" content=\"Est. reading time\" \/>\n\t<meta name=\"twitter:data1\" content=\"4 minutes\" \/>\n<script type=\"application\/ld+json\" class=\"yoast-schema-graph\">{\"@context\":\"https:\/\/schema.org\",\"@graph\":[{\"@type\":\"WebPage\",\"@id\":\"https:\/\/www.w-sport.com\/ul\/complaints-procedure\/\",\"url\":\"https:\/\/www.w-sport.com\/ul\/complaints-procedure\/\",\"name\":\"Complaints Procedure - W-Sport\",\"isPartOf\":{\"@id\":\"https:\/\/www.w-sport.com\/ul\/#website\"},\"datePublished\":\"2023-06-21T08:42:40+00:00\",\"breadcrumb\":{\"@id\":\"https:\/\/www.w-sport.com\/ul\/complaints-procedure\/#breadcrumb\"},\"inLanguage\":\"en-UL\",\"potentialAction\":[{\"@type\":\"ReadAction\",\"target\":[\"https:\/\/www.w-sport.com\/ul\/complaints-procedure\/\"]}]},{\"@type\":\"BreadcrumbList\",\"@id\":\"https:\/\/www.w-sport.com\/ul\/complaints-procedure\/#breadcrumb\",\"itemListElement\":[{\"@type\":\"ListItem\",\"position\":1,\"name\":\"Home\",\"item\":\"https:\/\/www.w-sport.com\/ul\/\"},{\"@type\":\"ListItem\",\"position\":2,\"name\":\"Complaints Procedure\"}]},{\"@type\":\"WebSite\",\"@id\":\"https:\/\/www.w-sport.com\/ul\/#website\",\"url\":\"https:\/\/www.w-sport.com\/ul\/\",\"name\":\"W-Sport\",\"description\":\"\",\"potentialAction\":[{\"@type\":\"SearchAction\",\"target\":{\"@type\":\"EntryPoint\",\"urlTemplate\":\"https:\/\/www.w-sport.com\/ul\/?s={search_term_string}\"},\"query-input\":{\"@type\":\"PropertyValueSpecification\",\"valueRequired\":true,\"valueName\":\"search_term_string\"}}],\"inLanguage\":\"en-UL\"}]}<\/script>\n<!-- \/ Yoast SEO plugin. -->","yoast_head_json":{"title":"Complaints Procedure - W-Sport","robots":{"index":"index","follow":"follow","max-snippet":"max-snippet:-1","max-image-preview":"max-image-preview:large","max-video-preview":"max-video-preview:-1"},"canonical":"https:\/\/www.w-sport.com\/ul\/complaints-procedure\/","og_locale":"en_US","og_type":"article","og_title":"Complaints Procedure - W-Sport","og_description":"Introduction At W-Sport we aim to deliver a high quality, engaging and relevant service to our viewers. We also aim to ensure that our programming is compliant with the requirements set out in the\u00a0Broadcasting Act 2009, as amended by the Online Safety and Media Regulation Act 2022. W-Sport welcomes and will engage with all feedback,&hellip; Continue reading Complaints Procedure","og_url":"https:\/\/www.w-sport.com\/ul\/complaints-procedure\/","og_site_name":"W-Sport","twitter_card":"summary_large_image","twitter_misc":{"Est. reading time":"4 minutes"},"schema":{"@context":"https:\/\/schema.org","@graph":[{"@type":"WebPage","@id":"https:\/\/www.w-sport.com\/ul\/complaints-procedure\/","url":"https:\/\/www.w-sport.com\/ul\/complaints-procedure\/","name":"Complaints Procedure - W-Sport","isPartOf":{"@id":"https:\/\/www.w-sport.com\/ul\/#website"},"datePublished":"2023-06-21T08:42:40+00:00","breadcrumb":{"@id":"https:\/\/www.w-sport.com\/ul\/complaints-procedure\/#breadcrumb"},"inLanguage":"en-UL","potentialAction":[{"@type":"ReadAction","target":["https:\/\/www.w-sport.com\/ul\/complaints-procedure\/"]}]},{"@type":"BreadcrumbList","@id":"https:\/\/www.w-sport.com\/ul\/complaints-procedure\/#breadcrumb","itemListElement":[{"@type":"ListItem","position":1,"name":"Home","item":"https:\/\/www.w-sport.com\/ul\/"},{"@type":"ListItem","position":2,"name":"Complaints Procedure"}]},{"@type":"WebSite","@id":"https:\/\/www.w-sport.com\/ul\/#website","url":"https:\/\/www.w-sport.com\/ul\/","name":"W-Sport","description":"","potentialAction":[{"@type":"SearchAction","target":{"@type":"EntryPoint","urlTemplate":"https:\/\/www.w-sport.com\/ul\/?s={search_term_string}"},"query-input":{"@type":"PropertyValueSpecification","valueRequired":true,"valueName":"search_term_string"}}],"inLanguage":"en-UL"}]}},"_links":{"self":[{"href":"https:\/\/www.w-sport.com\/ul\/wp-json\/wp\/v2\/pages\/2289","targetHints":{"allow":["GET"]}}],"collection":[{"href":"https:\/\/www.w-sport.com\/ul\/wp-json\/wp\/v2\/pages"}],"about":[{"href":"https:\/\/www.w-sport.com\/ul\/wp-json\/wp\/v2\/types\/page"}],"author":[{"embeddable":true,"href":"https:\/\/www.w-sport.com\/ul\/wp-json\/wp\/v2\/users\/1"}],"replies":[{"embeddable":true,"href":"https:\/\/www.w-sport.com\/ul\/wp-json\/wp\/v2\/comments?post=2289"}],"version-history":[{"count":1,"href":"https:\/\/www.w-sport.com\/ul\/wp-json\/wp\/v2\/pages\/2289\/revisions"}],"predecessor-version":[{"id":2294,"href":"https:\/\/www.w-sport.com\/ul\/wp-json\/wp\/v2\/pages\/2289\/revisions\/2294"}],"wp:attachment":[{"href":"https:\/\/www.w-sport.com\/ul\/wp-json\/wp\/v2\/media?parent=2289"}],"curies":[{"name":"wp","href":"https:\/\/api.w.org\/{rel}","templated":true}]}}